{"id":1179,"date":"2015-02-04T18:57:00","date_gmt":"2015-02-04T18:57:00","guid":{"rendered":"http:\/\/uctrerj.com.br\/ref1\/?page_id=1179"},"modified":"2023-04-17T13:43:17","modified_gmt":"2023-04-17T16:43:17","slug":"informacoes","status":"publish","type":"page","link":"http:\/\/uctrerj.com.br\/ref1\/informacoes\/","title":{"rendered":"UCTRERJ"},"content":{"rendered":"<p><a href=\"http:\/\/uctrerj.com.br\/ref1\/wp-content\/uploads\/2015\/02\/composicao0049.png\"><img loading=\"lazy\" class=\"alignleft size-full wp-image-1732\" src=\"http:\/\/uctrerj.com.br\/ref1\/wp-content\/uploads\/2015\/02\/composicao0049.png\" alt=\"composicao0049\" width=\"400\" height=\"398\" srcset=\"http:\/\/uctrerj.com.br\/ref1\/wp-content\/uploads\/2015\/02\/composicao0049.png 400w, http:\/\/uctrerj.com.br\/ref1\/wp-content\/uploads\/2015\/02\/composicao0049-150x150.png 150w, http:\/\/uctrerj.com.br\/ref1\/wp-content\/uploads\/2015\/02\/composicao0049-300x298.png 300w, http:\/\/uctrerj.com.br\/ref1\/wp-content\/uploads\/2015\/02\/composicao0049-66x66.png 66w\" sizes=\"(max-width: 400px) 100vw, 400px\" \/><\/a><\/p>\n<p align=\"&quot;justify\">A UCTRERJ \u00e9 uma associa\u00e7\u00e3o s\u00e9ria, que tem por objetivo defender os interesses dos seus associados e, para tal, trabalha sim, em parceria com o DETRAN\/RJ, levando at\u00e9 o \u00d3rg\u00e3o nossas preocupa\u00e7\u00f5es, reivindica\u00e7\u00f5es e cr\u00edticas. Entendemos ser essa a melhor maneira de se obter resultados s\u00e9rios e servir a popula\u00e7\u00e3o de forma transparente e qualitativa, uma vez que somos credenciados ao mencionado \u00d3rg\u00e3o. Todavia, lutamos por nossos interesses, buscando as melhores solu\u00e7\u00f5es de forma administrativa, e se necess\u00e1rio judicialmente.<\/p>\n<p>&nbsp;<\/p>\n<p align=\"&quot;justify\">Assim sendo, a UCTRERJ por acreditar ser o credenciamento, no caso das cl\u00ednicas o meio adequado, e considerando os princ\u00edpios da continuidade, da seguran\u00e7a p\u00fablica, dentre outros, resolveu, ingressar judicialmente, como terceiro interessado no processo em tela.<\/p>\n<p><br class=\"clear\"><\/p>\n<h1><strong>Nosso lema \u00e9 ajudar, criticar menos e AGIR SEMPRE!!!!<\/strong><\/h1>\n<p>&nbsp;<\/p>\n<p>Se voc\u00ea n\u00e3o \u00e9 associado, mas tamb\u00e9m deseja participar, venha associar-se fortalecendo assim, ainda mais nossa causa!<\/p>\n<a class=\"button large or small green\" href=\"http:\/\/uctrerj.com.br\/ref1\/?page_id=1183\" target=\"\">Entre em contato conosco<\/a><p>&nbsp;<\/p>\n<p>Cordialmente,<\/p>\n<p><center><b>Presidente: <\/b><br \/>\nDaniel A\u00e9cio Bomfim<\/p>\n<p><b>Vice-Presidente: <\/b><br \/>\nEduardo Henrique Sabatini<\/p>\n<p><b>Diretora Executiva: <\/b><br \/>\nLeni de Castro Borges<\/p>\n<p><b>1\u00ba Secret\u00e1ria: <\/b><br \/>\nMarilisa M. B. Gouveia<\/p>\n<p><b>2\u00ba Secret\u00e1ria: <\/b><br \/>\nMaria Helena M. Rangel<\/p>\n<p><b>1\u00ba Tesoureiro: <\/b><br \/>\nAnt\u00f4nio Carlos G. Campos<\/p>\n<p><b>2\u00ba Tesoureiro: <\/b><br \/>\nMaic Hienggel<\/p>\n<p><b>Suplentes: <\/b><br \/>\nPedro Henrique M. Benevides<\/p>\n<p><b>Conselho Deliberativo: <\/b><br \/>\nRaquel Ognibeni Troiano<br \/>\nSylvio Machado<br \/>\nL\u00facia de F\u00e1tima Torres<br \/>\nCelina A. B. de Azevedo<\/p>\n<p><b>Conselho Fiscal: <\/b><br \/>\nFl\u00e1vio Felic\u00edssimo de Oliveira<br \/>\nSylvia Regina S. Pessoa Galv\u00e3o<br \/>\nZeilton Vieira Nunes<\/p>\n<p><\/center><\/p>\n","protected":false},"excerpt":{"rendered":"<p>A UCTRERJ \u00e9 uma associa\u00e7\u00e3o s\u00e9ria, que tem por objetivo defender os interesses dos seus associados e, para tal, trabalha sim, em parceria com o DETRAN\/RJ, levando at\u00e9 o \u00d3rg\u00e3o nossas preocupa\u00e7\u00f5es, reivindica\u00e7\u00f5es e cr\u00edticas. Entendemos ser essa a melhor maneira de se obter resultados s\u00e9rios e servir a popula\u00e7\u00e3o de forma transparente e qualitativa, [&hellip;]<\/p>\n","protected":false},"author":1,"featured_media":0,"parent":0,"menu_order":2,"comment_status":"open","ping_status":"closed","template":"full-width.php","meta":[],"_links":{"self":[{"href":"http:\/\/uctrerj.com.br\/ref1\/wp-json\/wp\/v2\/pages\/1179"}],"collection":[{"href":"http:\/\/uctrerj.com.br\/ref1\/wp-json\/wp\/v2\/pages"}],"about":[{"href":"http:\/\/uctrerj.com.br\/ref1\/wp-json\/wp\/v2\/types\/page"}],"author":[{"embeddable":true,"href":"http:\/\/uctrerj.com.br\/ref1\/wp-json\/wp\/v2\/users\/1"}],"replies":[{"embeddable":true,"href":"http:\/\/uctrerj.com.br\/ref1\/wp-json\/wp\/v2\/comments?post=1179"}],"version-history":[{"count":46,"href":"http:\/\/uctrerj.com.br\/ref1\/wp-json\/wp\/v2\/pages\/1179\/revisions"}],"predecessor-version":[{"id":4068,"href":"http:\/\/uctrerj.com.br\/ref1\/wp-json\/wp\/v2\/pages\/1179\/revisions\/4068"}],"wp:attachment":[{"href":"http:\/\/uctrerj.com.br\/ref1\/wp-json\/wp\/v2\/media?parent=1179"}],"curies":[{"name":"wp","href":"https:\/\/api.w.org\/{rel}","templated":true}]}}